{"id":8,"date":"2025-01-09T21:08:44","date_gmt":"2025-01-09T21:08:44","guid":{"rendered":"https:\/\/www.disman.com.tr\/alanya\/?page_id=8"},"modified":"2025-02-03T22:08:55","modified_gmt":"2025-02-03T22:08:55","slug":"homepage","status":"publish","type":"page","link":"https:\/\/www.disman.com.tr\/alanya\/","title":{"rendered":"Anasayfa"},"content":{"rendered":"\n<div class=\"wp-block-cover alignfull is-light\" style=\"min-height:624px;aspect-ratio:unset;\"><span aria-hidden=\"true\" class=\"wp-block-cover__background has-background-dim-20 has-background-dim\" style=\"background-color:#FFF\"><\/span><video class=\"wp-block-cover__video-background intrinsic-ignore\" autoplay muted loop playsinline src=\"https:\/\/www.disman.com.tr\/alanya\/wp-content\/uploads\/2025\/02\/alanya-1.mp4\" style=\"object-position:42% 48%\" data-object-fit=\"cover\" data-object-position=\"42% 48%\"><\/video><div class=\"wp-block-cover__inner-container has-global-padding is-layout-constrained wp-block-cover-is-layout-constrained\">\n<p class=\"has-text-align-center has-large-font-size\"><\/p>\n<\/div><\/div>\n\n\n\n<div id=\"news\" class=\"wp-block-group has-global-padding is-layout-constrained wp-block-group-is-layout-constrained\">\n<div style=\"height:108px\" aria-hidden=\"true\" class=\"wp-block-spacer\"><\/div>\n\n\n\n<p class=\"has-text-align-left has-secondary-color has-text-color\">MAKALELER<\/p>\n\n\n\n<h2 class=\"wp-block-heading has-text-align-left\">Son Yaz\u0131lar\u0131m\u0131z<\/h2>\n\n\n\n<div style=\"height:33px\" aria-hidden=\"true\" class=\"wp-block-spacer\"><\/div>\n\n\n\n<div class=\"wp-block-query is-layout-flow wp-block-query-is-layout-flow\"><ul class=\"columns-3 wp-block-post-template is-layout-grid wp-container-core-post-template-is-layout-1 wp-block-post-template-is-layout-grid\"><li class=\"wp-block-post post-105 post type-post status-publish format-standard has-post-thumbnail hentry category-uncategorized\">\n<figure style=\"width:100%;height:240px; margin-bottom:var(--wp--preset--spacing--x-small);\" class=\"wp-block-post-featured-image\"><a href=\"https:\/\/www.disman.com.tr\/alanya\/2025\/02\/03\/dis-implanti-nedir-kimlere-uygulanir\/\" target=\"_self\"  style=\"height:240px\"><img loading=\"lazy\" decoding=\"async\" width=\"2200\" height=\"1468\" src=\"https:\/\/www.disman.com.tr\/alanya\/wp-content\/uploads\/2025\/02\/implant.jpg\" class=\"attachment-post-thumbnail size-post-thumbnail wp-post-image\" alt=\"Di\u015e \u0130mplant\u0131 Nedir, Kimlere Uygulan\u0131r?\" style=\"border-radius:5px;height:240px;object-fit:cover;\" srcset=\"https:\/\/www.disman.com.tr\/alanya\/wp-content\/uploads\/2025\/02\/implant.jpg 2200w, https:\/\/www.disman.com.tr\/alanya\/wp-content\/uploads\/2025\/02\/implant-300x200.jpg 300w, https:\/\/www.disman.com.tr\/alanya\/wp-content\/uploads\/2025\/02\/implant-1024x683.jpg 1024w, https:\/\/www.disman.com.tr\/alanya\/wp-content\/uploads\/2025\/02\/implant-2000x1335.jpg 2000w\" sizes=\"auto, 100vw\" \/><\/a><\/figure>\n\n<div style=\"margin-top:0;margin-bottom:0;\" class=\"has-link-color wp-elements-a1817b6b9e4eaefd5826fde68b0a8fdb wp-block-post-date has-text-color has-tertiary-color\"><time datetime=\"2025-02-03T22:02:39+00:00\">\u015eubat 3, 2025<\/time><\/div>\n\n<h3 style=\"margin-top:0;margin-bottom:var(--wp--preset--spacing--x-small);\" class=\"has-link-color wp-elements-2e75b4e4fab489cf445e03eda13279d1 wp-block-post-title\"><a href=\"https:\/\/www.disman.com.tr\/alanya\/2025\/02\/03\/dis-implanti-nedir-kimlere-uygulanir\/\" target=\"_self\" >Di\u015e \u0130mplant\u0131 Nedir, Kimlere Uygulan\u0131r?<\/a><\/h3>\n\n<div class=\"has-link-color wp-elements-61eeeb1d6c31f3761cb8bc35b6e1a095 wp-block-post-excerpt has-text-color has-tertiary-color\"><p class=\"wp-block-post-excerpt__excerpt\">D\u0130\u015e \u0130mplant\u0131 Nedir? D\u0131\u015f implant\u0131, eksik di\u015flerin yerine konulmas\u0131 i\u00e7in kullan\u0131lan, titanyumdan yap\u0131lm\u0131\u015f yapay di\u015f k\u00f6kleridir. Cerrahi bir i\u015flemler \u00e7ene kemi\u011fine yerle\u015ftirilir ve belirli bir iyile\u015fme s\u00fcresinin ard\u0131ndan protez di\u015f yerle\u015ftirilerek do\u011fal bir di\u015f gibi kullan\u0131lmas\u0131 sa\u011flan\u0131r. Di\u015f&hellip; <\/p><\/div>\n\n<a style=\"text-transform:uppercase; border-width:2px; padding-right:var(--wp--preset--spacing--x-small);padding-left:var(--wp--preset--spacing--x-small);padding-top:10px;padding-bottom:10px;\" class=\"wp-block-read-more has-text-color has-foreground-color\" href=\"https:\/\/www.disman.com.tr\/alanya\/2025\/02\/03\/dis-implanti-nedir-kimlere-uygulanir\/\" target=\"_self\">Devam\u0131n\u0131 oku<span class=\"screen-reader-text\">: Di\u015e \u0130mplant\u0131 Nedir, Kimlere Uygulan\u0131r?<\/span><\/a>\n<\/li><\/ul>\n\n<\/div>\n\n\n\n<div style=\"height:85px\" aria-hidden=\"true\" class=\"wp-block-spacer\"><\/div>\n<\/div>\n","protected":false},"excerpt":{"rendered":"<p>MAKALELER Son Yaz\u0131lar\u0131m\u0131z<\/p>\n","protected":false},"author":1,"featured_media":0,"parent":0,"menu_order":0,"comment_status":"closed","ping_status":"closed","template":"page-templates\/homepage-no-hero.php","meta":{"footnotes":""},"class_list":["post-8","page","type-page","status-publish","hentry"],"_links":{"self":[{"href":"https:\/\/www.disman.com.tr\/alanya\/wp-json\/wp\/v2\/pages\/8","targetHints":{"allow":["GET"]}}],"collection":[{"href":"https:\/\/www.disman.com.tr\/alanya\/wp-json\/wp\/v2\/pages"}],"about":[{"href":"https:\/\/www.disman.com.tr\/alanya\/wp-json\/wp\/v2\/types\/page"}],"author":[{"embeddable":true,"href":"https:\/\/www.disman.com.tr\/alanya\/wp-json\/wp\/v2\/users\/1"}],"replies":[{"embeddable":true,"href":"https:\/\/www.disman.com.tr\/alanya\/wp-json\/wp\/v2\/comments?post=8"}],"version-history":[{"count":20,"href":"https:\/\/www.disman.com.tr\/alanya\/wp-json\/wp\/v2\/pages\/8\/revisions"}],"predecessor-version":[{"id":110,"href":"https:\/\/www.disman.com.tr\/alanya\/wp-json\/wp\/v2\/pages\/8\/revisions\/110"}],"wp:attachment":[{"href":"https:\/\/www.disman.com.tr\/alanya\/wp-json\/wp\/v2\/media?parent=8"}],"curies":[{"name":"wp","href":"https:\/\/api.w.org\/{rel}","templated":true}]}}