{"id":10,"date":"2025-01-09T21:08:44","date_gmt":"2025-01-09T21:08:44","guid":{"rendered":"http:\/\/www.disman.com.tr\/gaziantep\/?page_id=10"},"modified":"2025-02-08T22:08:01","modified_gmt":"2025-02-08T19:08:01","slug":"contact-2","status":"publish","type":"page","link":"https:\/\/www.disman.com.tr\/gaziantep\/contact-2\/","title":{"rendered":"Bize Ula\u015f\u0131n"},"content":{"rendered":"\n<div style=\"height:37px\" aria-hidden=\"true\" class=\"wp-block-spacer\"><\/div>\n\n\n\n<div class=\"wp-block-group has-global-padding is-layout-constrained wp-block-group-is-layout-constrained\">\n<div class=\"wp-block-columns are-vertically-aligned-top is-layout-flex wp-container-core-columns-is-layout-1 wp-block-columns-is-layout-flex\" style=\"padding-top:0;padding-right:0;padding-bottom:0;padding-left:0\">\n<div class=\"wp-block-column is-vertically-aligned-top is-layout-flow wp-block-column-is-layout-flow\" style=\"padding-right:7%;flex-basis:50%\">\n<p class=\"has-text-color\" style=\"color:#0bb4aa\">\u0130leti\u015fime Ge\u00e7in<\/p>\n\n\n\n<h2 class=\"wp-block-heading has-large-font-size\">Akl\u0131n\u0131zdaki sorulara yan\u0131tm\u0131 ar\u0131yorsunuz?<\/h2>\n\n\n\n<p>A\u011f\u0131z ve di\u015f sa\u011fl\u0131\u011f\u0131n\u0131z ile ilgili b\u00fct\u00fcn sorular\u0131n\u0131z\u0131 yan\u0131tlamak i\u00e7in haz\u0131r\u0131z.<br><\/p>\n<\/div>\n\n\n\n<div class=\"wp-block-column is-vertically-aligned-top is-layout-flow wp-block-column-is-layout-flow\" style=\"flex-basis:50%\"><\/div>\n<\/div>\n<\/div>\n\n\n<div class=\"wpforms-container wpforms-container-full wpforms-block wpforms-block-953f7dfe-09d2-40fe-b779-e8956526d082 wpforms-render-modern\" id=\"wpforms-148\"><form id=\"wpforms-form-148\" class=\"wpforms-validate wpforms-form wpforms-ajax-form\" data-formid=\"148\" method=\"post\" enctype=\"multipart\/form-data\" action=\"\/gaziantep\/wp-json\/wp\/v2\/pages\/10\" data-token=\"e67bc985a572e5fa5c9bd4ea3d70011f\" data-token-time=\"1776420675\"><noscript class=\"wpforms-error-noscript\">Bu formu bitirebilmek i\u00e7in taray\u0131c\u0131n\u0131zda JavaScript&#039;i etkinle\u015ftirin.<\/noscript><div class=\"wpforms-hidden\" id=\"wpforms-error-noscript\">Bu formu bitirebilmek i\u00e7in taray\u0131c\u0131n\u0131zda JavaScript&#039;i etkinle\u015ftirin.<\/div><div class=\"wpforms-field-container\"><div id=\"wpforms-148-field_4-container\" class=\"wpforms-field wpforms-field-name\" data-field-id=\"4\"><label class=\"wpforms-field-label\" for=\"wpforms-148-field_4\">Ad\u0131n\u0131z Soyad\u0131n\u0131z <span class=\"wpforms-required-label\" aria-hidden=\"true\">*<\/span><\/label><input type=\"text\" id=\"wpforms-148-field_4\" class=\"wpforms-field-medium wpforms-field-required\" name=\"wpforms[fields][4]\" aria-errormessage=\"wpforms-148-field_4-error\" required><\/div><div id=\"wpforms-148-field_5-container\" class=\"wpforms-field wpforms-field-number\" data-field-id=\"5\"><label class=\"wpforms-field-label\" for=\"wpforms-148-field_5\">Telefon Numaran\u0131z<\/label><input type=\"number\" id=\"wpforms-148-field_5\" class=\"wpforms-field-medium\" name=\"wpforms[fields][5]\" aria-errormessage=\"wpforms-148-field_5-error\" aria-describedby=\"wpforms-148-field_5-description\" ><div id=\"wpforms-148-field_5-description\" class=\"wpforms-field-description\">0532 561 22 14 gibi<\/div><\/div><div id=\"wpforms-148-field_1-container\" class=\"wpforms-field wpforms-field-email\" data-field-id=\"1\"><label class=\"wpforms-field-label\" for=\"wpforms-148-field_1\">E-Posta Adresiniz <span class=\"wpforms-required-label\" aria-hidden=\"true\">*<\/span><\/label><input type=\"email\" id=\"wpforms-148-field_1\" class=\"wpforms-field-medium wpforms-field-required\" name=\"wpforms[fields][1]\" spellcheck=\"false\" aria-errormessage=\"wpforms-148-field_1-error\" aria-describedby=\"wpforms-148-field_1-description\" required><div id=\"wpforms-148-field_1-description\" class=\"wpforms-field-description\">xxx@gmail.com, xxx@hotmail.com, xxx@yahoo.com gibi<\/div><\/div><div id=\"wpforms-148-field_2-container\" class=\"wpforms-field wpforms-field-textarea\" data-field-id=\"2\"><label class=\"wpforms-field-label\" for=\"wpforms-148-field_2\">A\u011f\u0131z ve Di\u015f Sa\u011fl\u0131\u011f\u0131 \u0130le \u0130lgili Probleminizi K\u0131saca Yaz\u0131n\u0131z <span class=\"wpforms-required-label\" aria-hidden=\"true\">*<\/span><\/label><textarea id=\"wpforms-148-field_2\" class=\"wpforms-field-medium wpforms-field-required\" name=\"wpforms[fields][2]\" aria-errormessage=\"wpforms-148-field_2-error\" aria-describedby=\"wpforms-148-field_2-description\" required><\/textarea><div id=\"wpforms-148-field_2-description\" class=\"wpforms-field-description\">Dilek, \u015eikayet, \u00d6neri ve A\u011f\u0131z ve Di\u015f Sa\u011fl\u0131\u011f\u0131 ile ilgili sorunlar\u0131n\u0131z\u0131 yazabilirsiniz.<\/div><\/div><\/div><!-- .wpforms-field-container --><div class=\"wpforms-recaptcha-container wpforms-is-recaptcha wpforms-is-recaptcha-type-v2\" ><div class=\"g-recaptcha\" data-sitekey=\"6LdRHNEqAAAAAJKpa8p_548J-ROKjOwD-8dnkV_Y\"><\/div><input type=\"text\" name=\"g-recaptcha-hidden\" class=\"wpforms-recaptcha-hidden\" style=\"position:absolute!important;clip:rect(0,0,0,0)!important;height:1px!important;width:1px!important;border:0!important;overflow:hidden!important;padding:0!important;margin:0!important;\" data-rule-recaptcha=\"1\"><\/div><div class=\"wpforms-submit-container\" ><input type=\"hidden\" name=\"wpforms[id]\" value=\"148\"><input type=\"hidden\" name=\"page_title\" value=\"\"><input type=\"hidden\" name=\"page_url\" value=\"https:\/\/www.disman.com.tr\/gaziantep\/wp-json\/wp\/v2\/pages\/10\"><button type=\"submit\" name=\"wpforms[submit]\" id=\"wpforms-submit-148\" class=\"wpforms-submit\" data-alt-text=\"G\u00f6nderiliyor...\" data-submit-text=\"G\u00f6nder\" aria-live=\"assertive\" value=\"wpforms-submit\">G\u00f6nder<\/button><img loading=\"lazy\" decoding=\"async\" src=\"https:\/\/www.disman.com.tr\/gaziantep\/wp-content\/plugins\/wpforms-lite\/assets\/images\/submit-spin.svg\" class=\"wpforms-submit-spinner\" style=\"display: none;\" width=\"26\" height=\"26\" alt=\"Y\u00fckleniyor\"><\/div><\/form><\/div>  <!-- .wpforms-container -->\n\n\n<div class=\"wp-block-group alignfull has-global-padding is-layout-constrained wp-container-core-group-is-layout-2 wp-block-group-is-layout-constrained\">\n<div class=\"wp-block-columns alignfull are-vertically-aligned-center has-light-background-background-color has-background is-layout-flex wp-container-core-columns-is-layout-2 wp-block-columns-is-layout-flex\" style=\"padding-top:0;padding-right:0;padding-bottom:0;padding-left:0\">\n<div class=\"wp-block-column is-vertically-aligned-center map-grayscale is-layout-flow wp-block-column-is-layout-flow\" style=\"flex-basis:50%\">\n<iframe src=\"https:\/\/www.google.com\/maps\/embed?pb=!1m18!1m12!1m3!1d795.7858675289243!2d37.335023!3d37.0778897!2m3!1f0!2f0!3f0!3m2!1i1024!2i768!4f13.1!3m3!1m2!1s0x1531e18e6b0862df%3A0xefcdb41f7cc1809a!2zw5Z6ZWwgRMSwxZ5NQU4gQcSfxLF6IHZlIERpxZ8gU2HEn2zEscSfxLEgUG9saWtsaW5pxJ9pIFByb2YuIERyLiBOLiBFcmVuIMSwxZ5NQU4!5e0!3m2!1str!2str!4v1738835718894!5m2!1str!2str\" width=\"850\" height=\"450\" style=\"border:0;\" allowfullscreen=\"\" loading=\"lazy\" referrerpolicy=\"no-referrer-when-downgrade\"><\/iframe>\n<\/div>\n\n\n\n<div class=\"wp-block-column is-vertically-aligned-center is-layout-flow wp-block-column-is-layout-flow\" style=\"padding-top:var(--wp--preset--spacing--small);padding-right:var(--wp--preset--spacing--small);padding-bottom:var(--wp--preset--spacing--small);padding-left:2%;flex-basis:50%\">\n<h3 class=\"wp-block-heading has-large-font-size\">\u0130leti\u015fim<\/h3>\n\n\n\n<p>Bilgilerimiz<\/p>\n\n\n\n<h3 class=\"wp-block-heading\"><strong>Adres<\/strong><\/h3>\n\n\n\n<p>Atat\u00fcrk Mah. Adnan \u0130nan\u0131c\u0131 Cad. No:26\/G \u015eehitkamil \/ GAZ\u0130ANTEP<\/p>\n\n\n\n<h3 class=\"wp-block-heading\"><strong>E-Posta<\/strong><\/h3>\n\n\n\n<p>gaziantep@disman.com.tr<\/p>\n\n\n\n<h3 class=\"wp-block-heading\"><strong>Telefon<\/strong><\/h3>\n\n\n\n<p>0 532 561 22 14<\/p>\n<\/div>\n<\/div>\n<\/div>\n\n\n<p class='wp-call-button-block-button wp-call-button-block-button-center'><a class='wp-call-button-in-btn' href='tel:+905325612214' style='' ><svg x=\"0px\" y=\"0px\" width=\"459px\" height=\"459px\" viewBox=\"0 0 459 459\">\r\n\t\t\t\t<path\r\n\t\t\t\t\td=\"M91.8,198.9c35.7,71.4,96.9,130.05,168.3,168.3L316.2,311.1c7.649-7.649,17.85-10.199,25.5-5.1c28.05,10.2,58.649,15.3,91.8,15.3c15.3,0,25.5,10.2,25.5,25.5v86.7c0,15.3-10.2,25.5-25.5,25.5C193.8,459,0,265.2,0,25.5C0,10.2,10.2,0,25.5,0h89.25c15.3,0,25.5,10.2,25.5,25.5c0,30.6,5.1,61.2,15.3,91.8c2.55,7.65,0,17.85-5.1,25.5L91.8,198.9z\"\r\n\t\t\t\t\/>\r\n\t\t\t<\/svg> \u015eimdi Ara<\/a><\/p>\n\n\n<div class=\"wp-block-group alignfull has-background has-global-padding is-layout-constrained wp-block-group-is-layout-constrained\" style=\"background-color:#f9f9f9\">\n<div class=\"wp-block-group is-layout-flow wp-block-group-is-layout-flow\">\n<div style=\"height:13px\" aria-hidden=\"true\" class=\"wp-block-spacer\"><\/div>\n\n\n\n<div class=\"wp-block-columns is-layout-flex wp-container-core-columns-is-layout-4 wp-block-columns-is-layout-flex\">\n<div class=\"wp-block-column is-layout-flow wp-block-column-is-layout-flow\">\n<p class=\"has-text-align-left has-text-color\" style=\"color:#0bb4aa\">Di\u011fer \u015eubelerimiz<\/p>\n\n\n\n<h2 class=\"wp-block-heading has-text-align-left has-large-font-size\">\u015eube Bilgileri<\/h2>\n\n\n\n<div class=\"wp-block-columns is-layout-flex wp-container-core-columns-is-layout-3 wp-block-columns-is-layout-flex\">\n<div class=\"wp-block-column is-layout-flow wp-block-column-is-layout-flow\">\n<p style=\"line-height:2.5\"><a href=\"http:\/\/www.disman.com.tr\/gaziantep\" target=\"_blank\" rel=\"noreferrer noopener\">Gaziantep \/ Merkez<br><\/a><a href=\"https:\/\/disman.com.tr\/alanya\" target=\"_blank\" rel=\"noreferrer noopener\">Antalya \/ Alanya<br><\/a><\/p>\n<\/div>\n<\/div>\n<\/div>\n\n\n\n<div class=\"wp-block-column is-layout-flow wp-block-column-is-layout-flow\">\n<iframe src=\"https:\/\/www.google.com\/maps\/embed?pb=!4v1738835622831!6m8!1m7!1sCAoSLEFGMVFpcFBNQ3pWb2M0VEZab0JoUkNRWlZZVWdXY1N3RUc1THNUWVBRVDl1!2m2!1d37.07802118648513!2d37.33518139999158!3f19.665674706880548!4f-6.095399701939584!5f0.7820865974627469\" width=\"600\" height=\"450\" style=\"border:0;\" allowfullscreen=\"\" loading=\"lazy\" referrerpolicy=\"no-referrer-when-downgrade\"><\/iframe>\n<\/div>\n<\/div>\n<\/div>\n<\/div>\n\n\n\n<div class=\"wp-block-group has-global-padding is-layout-constrained wp-block-group-is-layout-constrained\">\n<div class=\"wp-block-columns are-vertically-aligned-center is-layout-flex wp-container-core-columns-is-layout-5 wp-block-columns-is-layout-flex\" style=\"padding-top:var(--wp--preset--spacing--60);padding-bottom:var(--wp--preset--spacing--60);padding-left:0\">\n<div class=\"wp-block-column is-vertically-aligned-center has-global-padding is-content-justification-left is-layout-constrained wp-container-core-column-is-layout-8 wp-block-column-is-layout-constrained\" style=\"flex-basis:66.66%\">\n<h2 class=\"wp-block-heading\">\u00c7al\u0131\u015fma Saatlerimiz<\/h2>\n\n\n\n<p>Pazartesi &#8211; Cuma : 08:30 &#8211; 18:00<\/p>\n\n\n\n<p>Cumartesi : 08:30 &#8211; 15:00<\/p>\n<\/div>\n<\/div>\n<\/div>\n\n\n\n<p><\/p>\n\n\n\n<p><\/p>\n","protected":false},"excerpt":{"rendered":"<p>\u0130leti\u015fime Ge\u00e7in Akl\u0131n\u0131zdaki sorulara yan\u0131tm\u0131 ar\u0131yorsunuz? A\u011f\u0131z ve di\u015f sa\u011fl\u0131\u011f\u0131n\u0131z ile ilgili b\u00fct\u00fcn sorular\u0131n\u0131z\u0131 yan\u0131tlamak i\u00e7in haz\u0131r\u0131z. \u0130leti\u015fim Bilgilerimiz Adres Atat\u00fcrk Mah. Adnan \u0130nan\u0131c\u0131 Cad. No:26\/G \u015eehitkamil \/ GAZ\u0130ANTEP E-Posta gaziantep@disman.com.tr Telefon 0 532 561 22 14 Di\u011fer \u015eubelerimiz \u015eube Bilgileri Gaziantep \/ MerkezAntalya \/ Alanya \u00c7al\u0131\u015fma Saatlerimiz Pazartesi &#8211; Cuma : 08:30 &#8211; 18:00 &hellip; <\/p>\n<p class=\"link-more\"><a href=\"https:\/\/www.disman.com.tr\/gaziantep\/contact-2\/\" class=\"more-link\"><span class=\"screen-reader-text\"> &#8220;Bize Ula\u015f\u0131n&#8221;<\/span>devam\u0131n\u0131 oku<\/a><\/p>\n","protected":false},"author":1,"featured_media":59,"parent":0,"menu_order":0,"comment_status":"closed","ping_status":"closed","template":"","meta":{"footnotes":""},"class_list":["post-10","page","type-page","status-publish","has-post-thumbnail","hentry"],"_links":{"self":[{"href":"https:\/\/www.disman.com.tr\/gaziantep\/wp-json\/wp\/v2\/pages\/10","targetHints":{"allow":["GET"]}}],"collection":[{"href":"https:\/\/www.disman.com.tr\/gaziantep\/wp-json\/wp\/v2\/pages"}],"about":[{"href":"https:\/\/www.disman.com.tr\/gaziantep\/wp-json\/wp\/v2\/types\/page"}],"author":[{"embeddable":true,"href":"https:\/\/www.disman.com.tr\/gaziantep\/wp-json\/wp\/v2\/users\/1"}],"replies":[{"embeddable":true,"href":"https:\/\/www.disman.com.tr\/gaziantep\/wp-json\/wp\/v2\/comments?post=10"}],"version-history":[{"count":17,"href":"https:\/\/www.disman.com.tr\/gaziantep\/wp-json\/wp\/v2\/pages\/10\/revisions"}],"predecessor-version":[{"id":166,"href":"https:\/\/www.disman.com.tr\/gaziantep\/wp-json\/wp\/v2\/pages\/10\/revisions\/166"}],"wp:featuredmedia":[{"embeddable":true,"href":"https:\/\/www.disman.com.tr\/gaziantep\/wp-json\/wp\/v2\/media\/59"}],"wp:attachment":[{"href":"https:\/\/www.disman.com.tr\/gaziantep\/wp-json\/wp\/v2\/media?parent=10"}],"curies":[{"name":"wp","href":"https:\/\/api.w.org\/{rel}","templated":true}]}}